{"id":10,"date":"2017-09-25T14:11:02","date_gmt":"2017-09-25T14:11:02","guid":{"rendered":"http:\/\/grupocmg.com.ar\/adr\/?page_id=10"},"modified":"2017-09-25T19:43:19","modified_gmt":"2017-09-25T19:43:19","slug":"sistemas-inmobiliarios","status":"publish","type":"page","link":"http:\/\/grupocmg.com.ar\/adr\/sistemas-inmobiliarios\/","title":{"rendered":"Sistemas Inmobiliarios"},"content":{"rendered":"<p><a href=\"http:\/\/grupocmg.com.ar\/adr\/wp-content\/uploads\/2017\/09\/inmo-1.jpg\"><img loading=\"lazy\" decoding=\"async\" class=\"size-full wp-image-56 alignleft\" src=\"http:\/\/grupocmg.com.ar\/adr\/wp-content\/uploads\/2017\/09\/inmo-1.jpg\" alt=\"\" width=\"201\" height=\"263\" \/><\/a><\/p>\n<p><strong>ADR Inmo<\/strong><\/p>\n<p>La soluci\u00f3n definitiva para el manejo de su negocio inmobiliario. ADR inmo permite crear un completo Site Din\u00e1mico para publicar las propiedades y servicios ofrecidos por su empresa.<\/p>\n<p>ADR inmo consiste en la creaci\u00f3n de un sitio web, en el que se puedan publicar todas las propiedades disponibles en su Inmobiliaria, clasific\u00e1ndolas por tipo y permitiendo la realizaci\u00f3n de b\u00fasquedas por distintas condiciones.<\/p>\n<p>El sitio se genera din\u00e1micamente con las propiedades cargadas previamente en la base de datos propia del sitio. La carga de las propiedades se realiza por medio de la red (Internet), con manejo de usuarios y contrase\u00f1as y permite cargar im\u00e1genes, planos y mapas asociados a la propiedad. Adem\u00e1s desde esta secci\u00f3n Ud. podr\u00e1 eliminar y modificar las propiedades que actualmente dispone en la base de datos del sitio. Esta secci\u00f3n esta oculta a los navegantes del sitio.<\/p>\n<p>El sitio cuenta con secciones establecidas, como, Inicio, Servicios, La Empresa, Tasaciones, Mapa de Countries y Barrio Cerrados, Ventas, Alquileres, Buscador de Propiedades, Contacto y Novedades. Por supuesto que el cliente podr\u00e1 solicitar la creaci\u00f3n de secciones extras o modificaciones de las existentes. Tambi\u00e9n se le ofrece un sitio con un dise\u00f1o exclusivo y de alta calidad con la inclusi\u00f3n de una Presentaci\u00f3n Animada.<\/p>\n<p>Cuando el usuario ingresa a una de las secciones din\u00e1micas (por ejemplo:Ventas), se le muestra en detalle todas las propiedades en Venta correspondientes que se han publicado en la p\u00e1gina.<\/p>\n<p>Todas las propiedades se visualizar\u00e1n en un listado con una vista preliminar de la misma, con paginaci\u00f3n autom\u00e1tica en caso de contener demasiadas propiedades.<\/p>\n<p>&nbsp;<\/p>\n","protected":false},"excerpt":{"rendered":"<p>ADR Inmo La soluci\u00f3n definitiva para el manejo de su negocio inmobiliario. ADR inmo permite crear un completo Site Din\u00e1mico para publicar las propiedades y servicios ofrecidos por su empresa. ADR inmo consiste en la creaci\u00f3n de un sitio web, en el que se puedan publicar todas las propiedades disponibles en su Inmobiliaria, clasific\u00e1ndolas por [&hellip;]<\/p>\n","protected":false},"author":2,"featured_media":0,"parent":0,"menu_order":2,"comment_status":"closed","ping_status":"closed","template":"","meta":{"footnotes":""},"class_list":["post-10","page","type-page","status-publish","hentry"],"_links":{"self":[{"href":"http:\/\/grupocmg.com.ar\/adr\/wp-json\/wp\/v2\/pages\/10","targetHints":{"allow":["GET"]}}],"collection":[{"href":"http:\/\/grupocmg.com.ar\/adr\/wp-json\/wp\/v2\/pages"}],"about":[{"href":"http:\/\/grupocmg.com.ar\/adr\/wp-json\/wp\/v2\/types\/page"}],"author":[{"embeddable":true,"href":"http:\/\/grupocmg.com.ar\/adr\/wp-json\/wp\/v2\/users\/2"}],"replies":[{"embeddable":true,"href":"http:\/\/grupocmg.com.ar\/adr\/wp-json\/wp\/v2\/comments?post=10"}],"version-history":[{"count":3,"href":"http:\/\/grupocmg.com.ar\/adr\/wp-json\/wp\/v2\/pages\/10\/revisions"}],"predecessor-version":[{"id":57,"href":"http:\/\/grupocmg.com.ar\/adr\/wp-json\/wp\/v2\/pages\/10\/revisions\/57"}],"wp:attachment":[{"href":"http:\/\/grupocmg.com.ar\/adr\/wp-json\/wp\/v2\/media?parent=10"}],"curies":[{"name":"wp","href":"https:\/\/api.w.org\/{rel}","templated":true}]}}