{"id":12,"date":"2017-09-25T14:11:15","date_gmt":"2017-09-25T14:11:15","guid":{"rendered":"http:\/\/grupocmg.com.ar\/adr\/?page_id=12"},"modified":"2017-09-25T19:45:32","modified_gmt":"2017-09-25T19:45:32","slug":"sistemas-a-medida","status":"publish","type":"page","link":"http:\/\/grupocmg.com.ar\/adr\/sistemas-a-medida\/","title":{"rendered":"Sistemas a Medida"},"content":{"rendered":"<p><strong>TIC &#8211; programaci\u00f3n a medida<\/strong><\/p>\n<p>\u201cLos programas est\u00e1ndards no cubren las necesidades reales de las empresas . La implantaci\u00f3n del software a medida ES el \u00e9xito de una excelente gesti\u00f3n empresarial.\u201d<\/p>\n<p>&nbsp;<\/p>\n<p><span style=\"color: #000080;\">\u00bfPOR QU\u00c9 LA PROGRAMACI\u00d3N A MEDIDA?<\/span><\/p>\n<p>Las inversiones en programaci\u00f3n tienen una ventaja diferencial, su amortizaci\u00f3n. No existe \u201cdesgaste del software\u201d .<br \/>\nSe ha de actualizar S\u00d3LO cuando cambian los procesos de la empresa.<br \/>\nEs la soluci\u00f3n m\u00e1s rentable y econ\u00f3mica.<br \/>\nEs la soluci\u00f3n que permite a la pyme ser competitiva.<\/p>\n<p><span style=\"color: #000080;\"><br \/>\n\u00bfPOR QU\u00c9 ADR?<\/span><\/p>\n<p>NUESTRA VISI\u00d3N de empresa, NUESTRA ORGANIZACI\u00d3N, LA CALIDAD Y MODELO DE NUESTRO SERVICIO es la garant\u00eda del \u00e9xito de la<br \/>\nimplantaci\u00f3n de nuestros programas en NUESTROS CLIENTES.<\/p>\n<p>&nbsp;<\/p>\n<p><span style=\"color: #000080;\">GARANT\u00cdAS DE LA PROGRAMACI\u00d3N A MEDIDA EN ADR:<\/span><\/p>\n<p>\u201cEl cliente se asegura que el valor que adquiere se corresponde<br \/>\ncon las expectativas que le han generado los consultores\u201d<\/p>\n<p>An\u00e1lisis de necesidades acorde con la realidad de la empresa.<br \/>\nDescripci\u00f3n detallada del alcance del software, de sus partes funcionales y de la tecnolog\u00eda utilizada.<br \/>\nPlan director del proyecto donde se especifica personas, responsabilidades y canales de comunicaci\u00f3n.<br \/>\nPlanning de realizaci\u00f3n y entrega del proyecto<br \/>\nPlan de formaci\u00f3n. ADR es consciente de que el \u00e9xito de la implantaci\u00f3n son las personas.<br \/>\nPlanificaci\u00f3n de la puesta en explotaci\u00f3n con el objetivo de aminorar el impacto inicial.<br \/>\nDefinici\u00f3n del plazo de garant\u00eda. En ADR es de por vida. Si un programa funciona hoy, funciona siempre.<\/p>\n<p><span style=\"color: #000080;\">CARACTER\u00cdSTICAS DE NUESTRAS SOLUCIONES :<\/span><\/p>\n<p>\u201cAlgunas de nuestras soluciones a medida son est\u00e1ndards sectoriales\u201d.<\/p>\n<p>Existen en versiones Intranet, Internet y Extranet.<br \/>\nSon compatibles con los sistemas sistemas operativos y bases de datos.<br \/>\nCuentan con control de usuarios y auditor\u00eda de acciones realizadas por los usuarios.<br \/>\nFormaci\u00f3n de uso.<br \/>\nGarant\u00eda por escrito.<\/p>\n","protected":false},"excerpt":{"rendered":"<p>TIC &#8211; programaci\u00f3n a medida \u201cLos programas est\u00e1ndards no cubren las necesidades reales de las empresas . La implantaci\u00f3n del software a medida ES el \u00e9xito de una excelente gesti\u00f3n empresarial.\u201d &nbsp; \u00bfPOR QU\u00c9 LA PROGRAMACI\u00d3N A MEDIDA? Las inversiones en programaci\u00f3n tienen una ventaja diferencial, su amortizaci\u00f3n. No existe \u201cdesgaste del software\u201d . Se [&hellip;]<\/p>\n","protected":false},"author":2,"featured_media":0,"parent":0,"menu_order":3,"comment_status":"closed","ping_status":"closed","template":"","meta":{"footnotes":""},"class_list":["post-12","page","type-page","status-publish","hentry"],"_links":{"self":[{"href":"http:\/\/grupocmg.com.ar\/adr\/wp-json\/wp\/v2\/pages\/12","targetHints":{"allow":["GET"]}}],"collection":[{"href":"http:\/\/grupocmg.com.ar\/adr\/wp-json\/wp\/v2\/pages"}],"about":[{"href":"http:\/\/grupocmg.com.ar\/adr\/wp-json\/wp\/v2\/types\/page"}],"author":[{"embeddable":true,"href":"http:\/\/grupocmg.com.ar\/adr\/wp-json\/wp\/v2\/users\/2"}],"replies":[{"embeddable":true,"href":"http:\/\/grupocmg.com.ar\/adr\/wp-json\/wp\/v2\/comments?post=12"}],"version-history":[{"count":4,"href":"http:\/\/grupocmg.com.ar\/adr\/wp-json\/wp\/v2\/pages\/12\/revisions"}],"predecessor-version":[{"id":59,"href":"http:\/\/grupocmg.com.ar\/adr\/wp-json\/wp\/v2\/pages\/12\/revisions\/59"}],"wp:attachment":[{"href":"http:\/\/grupocmg.com.ar\/adr\/wp-json\/wp\/v2\/media?parent=12"}],"curies":[{"name":"wp","href":"https:\/\/api.w.org\/{rel}","templated":true}]}}