{"id":6,"date":"2017-09-25T14:09:54","date_gmt":"2017-09-25T14:09:54","guid":{"rendered":"http:\/\/grupocmg.com.ar\/adr\/?page_id=6"},"modified":"2017-10-05T15:13:26","modified_gmt":"2017-10-05T15:13:26","slug":"inicio","status":"publish","type":"page","link":"http:\/\/grupocmg.com.ar\/adr\/","title":{"rendered":"Inicio"},"content":{"rendered":"<p><strong>ADR Consultora<\/strong>\u00a0\u00a0es una empresa que se dedica a la\u00a0<span class=\"destacadas\">Consultor\u00eda en Sistemas<\/span>, cuyo objetivo es cubrir las necesidades de un mercado en crecimiento, y satisfacer las demandas de aquellos clientes que buscan mejoras continuas sobre sus sistemas administrativos como as\u00ed tambi\u00e9n aprovechar al m\u00e1ximo las posibilidades que le brindan dichos sistemas.<\/p>\n<p>Nuestras especializaciones son:<\/p>\n<ul>\n<li>\u00a0<span class=\"destacadas\">Administraci\u00f3n P\u00fablica Municipal<\/span><\/li>\n<li>Administraci\u00f3n Inmobiliaria<\/li>\n<li>Sistemas a medida<\/li>\n<\/ul>\n","protected":false},"excerpt":{"rendered":"<p>ADR Consultora\u00a0\u00a0es una empresa que se dedica a la\u00a0Consultor\u00eda en Sistemas, cuyo objetivo es cubrir las necesidades de un mercado en crecimiento, y satisfacer las demandas de aquellos clientes que buscan mejoras continuas sobre sus sistemas administrativos como as\u00ed tambi\u00e9n aprovechar al m\u00e1ximo las posibilidades que le brindan dichos sistemas. Nuestras especializaciones son: \u00a0Administraci\u00f3n P\u00fablica [&hellip;]<\/p>\n","protected":false},"author":2,"featured_media":0,"parent":0,"menu_order":0,"comment_status":"closed","ping_status":"closed","template":"","meta":{"footnotes":""},"class_list":["post-6","page","type-page","status-publish","hentry"],"_links":{"self":[{"href":"http:\/\/grupocmg.com.ar\/adr\/wp-json\/wp\/v2\/pages\/6","targetHints":{"allow":["GET"]}}],"collection":[{"href":"http:\/\/grupocmg.com.ar\/adr\/wp-json\/wp\/v2\/pages"}],"about":[{"href":"http:\/\/grupocmg.com.ar\/adr\/wp-json\/wp\/v2\/types\/page"}],"author":[{"embeddable":true,"href":"http:\/\/grupocmg.com.ar\/adr\/wp-json\/wp\/v2\/users\/2"}],"replies":[{"embeddable":true,"href":"http:\/\/grupocmg.com.ar\/adr\/wp-json\/wp\/v2\/comments?post=6"}],"version-history":[{"count":6,"href":"http:\/\/grupocmg.com.ar\/adr\/wp-json\/wp\/v2\/pages\/6\/revisions"}],"predecessor-version":[{"id":60,"href":"http:\/\/grupocmg.com.ar\/adr\/wp-json\/wp\/v2\/pages\/6\/revisions\/60"}],"wp:attachment":[{"href":"http:\/\/grupocmg.com.ar\/adr\/wp-json\/wp\/v2\/media?parent=6"}],"curies":[{"name":"wp","href":"https:\/\/api.w.org\/{rel}","templated":true}]}}