{"id":8,"date":"2017-09-25T14:10:33","date_gmt":"2017-09-25T14:10:33","guid":{"rendered":"http:\/\/grupocmg.com.ar\/adr\/?page_id=8"},"modified":"2017-09-25T19:34:16","modified_gmt":"2017-09-25T19:34:16","slug":"consultoria-rafam","status":"publish","type":"page","link":"http:\/\/grupocmg.com.ar\/adr\/consultoria-rafam\/","title":{"rendered":"Consultor\u00eda RAFAM"},"content":{"rendered":"<p><a href=\"http:\/\/grupocmg.com.ar\/adr\/wp-content\/uploads\/2017\/09\/logo_rafam_azul_sinfondo.png\"><img loading=\"lazy\" decoding=\"async\" class=\"alignnone size-full wp-image-39\" src=\"http:\/\/grupocmg.com.ar\/adr\/wp-content\/uploads\/2017\/09\/logo_rafam_azul_sinfondo.png\" alt=\"\" width=\"183\" height=\"62\" \/><\/a><\/p>\n<p><a href=\"http:\/\/grupocmg.com.ar\/adr\/wp-content\/uploads\/2017\/09\/tish.jpg\"><img loading=\"lazy\" decoding=\"async\" class=\"size-full wp-image-52 alignleft\" src=\"http:\/\/grupocmg.com.ar\/adr\/wp-content\/uploads\/2017\/09\/tish.jpg\" alt=\"\" width=\"126\" height=\"147\" \/><\/a><strong>Sistema de Liquidaci\u00f3n OnLine de la Tasa de Inspecci\u00f3n de Seguridad e Higiene<\/strong><\/p>\n<p>Este sistema permite que los contribuyentes de esta Tasa puedan realizar las DDJJ correspondientes para la liquidaci\u00f3n de la misma y obtener un comprobante de pago para ser abonado en los medios de pagos habilitados.<\/p>\n<p>El sistema se adapta a la Ordenanzas Fiscales e Impositivas del distrito<\/p>\n<p>&nbsp;<\/p>\n<p>&nbsp;<\/p>\n<p>Ofrecemos adem\u00e1s Sistemas externos vinculados en tiempo real al Sistema RAFAM, desarrollados en plataforma web, para ser consultados en cualquier sitio y en cualquier dispositivo.<\/p>\n<p><a href=\"http:\/\/grupocmg.com.ar\/adr\/wp-content\/uploads\/2017\/09\/qr.jpg\"><img loading=\"lazy\" decoding=\"async\" class=\"alignnone size-full wp-image-41 alignleft\" src=\"http:\/\/grupocmg.com.ar\/adr\/wp-content\/uploads\/2017\/09\/qr.jpg\" alt=\"\" width=\"126\" height=\"147\" \/><\/a><strong>Sistema de Inspecci\u00f3n mediante C\u00f3digo QR:<\/strong><\/p>\n<p>Permite el control de comercios e industrias mediante el escaneo de los\u00a0C\u00f3digo QR, obteniendo el Inspector, en tiempo real con RAFAM, la informaci\u00f3n necesar\u00eda para el control del imponible.<\/p>\n<p>&nbsp;<\/p>\n<p>&nbsp;<\/p>\n<p><a href=\"http:\/\/grupocmg.com.ar\/adr\/wp-content\/uploads\/2017\/09\/industria.jpg\"><img loading=\"lazy\" decoding=\"async\" class=\"size-full wp-image-44 alignleft\" src=\"http:\/\/grupocmg.com.ar\/adr\/wp-content\/uploads\/2017\/09\/industria.jpg\" alt=\"\" width=\"126\" height=\"147\" \/><\/a><strong>Sistema de Inspecci\u00f3n de Industrias:<\/strong><\/p>\n<p>Utilizando los servicios de georeferencia de Google, ubicamos las Industrias radicadas en el distrito y al seleccionar cada una de ellas informa, en tiempo real vinculado con RAFAM, los datos necesarios para la correcta inspecci\u00f3n.<\/p>\n<p>&nbsp;<\/p>\n<p>&nbsp;<\/p>\n<p><a href=\"http:\/\/grupocmg.com.ar\/adr\/wp-content\/uploads\/2017\/09\/catastro.jpg\"><img loading=\"lazy\" decoding=\"async\" class=\"size-full wp-image-46 alignleft\" src=\"http:\/\/grupocmg.com.ar\/adr\/wp-content\/uploads\/2017\/09\/catastro.jpg\" alt=\"\" width=\"126\" height=\"147\" \/><\/a><strong>Sistema de Catastro<\/strong><\/p>\n<p>Mediante este Sistema se permiten administrar las parcelas catastrales que conforman el distrito, estando vinculado con los datos cargados en RAFAM y las planchetas catastrales del partido.<\/p>\n<p>&nbsp;<\/p>\n<p>&nbsp;<\/p>\n<p><a href=\"http:\/\/grupocmg.com.ar\/adr\/wp-content\/uploads\/2017\/09\/ingresos.jpg\"><img loading=\"lazy\" decoding=\"async\" class=\"size-full wp-image-48 alignleft\" src=\"http:\/\/grupocmg.com.ar\/adr\/wp-content\/uploads\/2017\/09\/ingresos.jpg\" alt=\"\" width=\"126\" height=\"147\" \/><\/a><strong>Sistema de Consulta de Ingresos<\/strong><\/p>\n<p>El sistema permite listar los recursos para un per\u00edodo ingresado, brindando informaci\u00f3n en tiempor real y por su origen.<\/p>\n<p>&nbsp;<\/p>\n<p>&nbsp;<\/p>\n<p>&nbsp;<\/p>\n<p><a href=\"http:\/\/grupocmg.com.ar\/adr\/wp-content\/uploads\/2017\/09\/saldos.jpg\"><img loading=\"lazy\" decoding=\"async\" class=\"size-full wp-image-49 alignleft\" src=\"http:\/\/grupocmg.com.ar\/adr\/wp-content\/uploads\/2017\/09\/saldos.jpg\" alt=\"\" width=\"126\" height=\"147\" \/><\/a><strong>Sistema de Control de Saldos<\/strong><\/p>\n<p>Lista los saldos de las cuentas y permite crear afectaciones internas para el uso de Tesorer\u00eda.<\/p>\n<p>&nbsp;<\/p>\n<p>&nbsp;<\/p>\n<p>&nbsp;<\/p>\n<p><a href=\"http:\/\/grupocmg.com.ar\/adr\/wp-content\/uploads\/2017\/09\/proveedores.jpg\"><img loading=\"lazy\" decoding=\"async\" class=\"size-full wp-image-50 alignleft\" src=\"http:\/\/grupocmg.com.ar\/adr\/wp-content\/uploads\/2017\/09\/proveedores.jpg\" alt=\"\" width=\"126\" height=\"147\" \/><\/a><strong>Sistema de Proveedores<\/strong><\/p>\n<p>Este sistema permite, en una sola pantalla y en tiempo real, ver las Ordenes de Pago, Pagos pendientes de retiro y pagos realizados al Proveedor. Muestra adem\u00e1s las Facturas y Ordenes de Compras de los mismos.<\/p>\n<p>&nbsp;<\/p>\n<p>&nbsp;<\/p>\n<p>&nbsp;<\/p>\n","protected":false},"excerpt":{"rendered":"<p>Sistema de Liquidaci\u00f3n OnLine de la Tasa de Inspecci\u00f3n de Seguridad e Higiene Este sistema permite que los contribuyentes de esta Tasa puedan realizar las DDJJ correspondientes para la liquidaci\u00f3n de la misma y obtener un comprobante de pago para ser abonado en los medios de pagos habilitados. El sistema se adapta a la Ordenanzas [&hellip;]<\/p>\n","protected":false},"author":2,"featured_media":0,"parent":0,"menu_order":1,"comment_status":"closed","ping_status":"closed","template":"","meta":{"footnotes":""},"class_list":["post-8","page","type-page","status-publish","hentry"],"_links":{"self":[{"href":"http:\/\/grupocmg.com.ar\/adr\/wp-json\/wp\/v2\/pages\/8","targetHints":{"allow":["GET"]}}],"collection":[{"href":"http:\/\/grupocmg.com.ar\/adr\/wp-json\/wp\/v2\/pages"}],"about":[{"href":"http:\/\/grupocmg.com.ar\/adr\/wp-json\/wp\/v2\/types\/page"}],"author":[{"embeddable":true,"href":"http:\/\/grupocmg.com.ar\/adr\/wp-json\/wp\/v2\/users\/2"}],"replies":[{"embeddable":true,"href":"http:\/\/grupocmg.com.ar\/adr\/wp-json\/wp\/v2\/comments?post=8"}],"version-history":[{"count":8,"href":"http:\/\/grupocmg.com.ar\/adr\/wp-json\/wp\/v2\/pages\/8\/revisions"}],"predecessor-version":[{"id":53,"href":"http:\/\/grupocmg.com.ar\/adr\/wp-json\/wp\/v2\/pages\/8\/revisions\/53"}],"wp:attachment":[{"href":"http:\/\/grupocmg.com.ar\/adr\/wp-json\/wp\/v2\/media?parent=8"}],"curies":[{"name":"wp","href":"https:\/\/api.w.org\/{rel}","templated":true}]}}